{"id":60,"date":"2017-04-06T18:42:06","date_gmt":"2017-04-06T16:42:06","guid":{"rendered":"http:\/\/circus-europa.de\/?page_id=60"},"modified":"2025-11-14T21:18:48","modified_gmt":"2025-11-14T20:18:48","slug":"silvestergala","status":"publish","type":"page","link":"https:\/\/schweinfurter-weihnachtscircus.de\/index.php\/silvestergala\/","title":{"rendered":"Silvester-Gala"},"content":{"rendered":"<p style=\"padding-left: 30px; text-align: center;\"><span style=\"color: #333333;\">\n\t\t<!-- MasterSlider -->\n\t\t<div id=\"P_MS69d767b939de0\" class=\"master-slider-parent msl ms-parent-id-6\" style=\"max-width:1500px;\">\n\n\t\t\t\n\t\t\t<!-- MasterSlider Main -->\n\t\t\t<div id=\"MS69d767b939de0\" class=\"master-slider ms-skin-default\" >\n\t\t\t\t \t\t\t\t \n\t\t\t\t<div  class=\"ms-slide\" data-delay=\"120\" data-fill-mode=\"fill\"  >\n\t\t\t\t\t<img src=\"https:\/\/schweinfurter-weihnachtscircus.de\/wp-content\/plugins\/master-slider\/public\/assets\/css\/blank.gif\" alt=\"\" title=\"\" data-src=\"https:\/\/schweinfurter-weihnachtscircus.de\/wp-content\/uploads\/2025\/11\/BannerWeb2025-1.jpg\" \/>\n\n\n\t<div class=\"ms-thumb\" ><div class=\"ms-tab-context\"><div class=&quot;ms-tab-context&quot;><\/div><\/div>\n<\/div>\n\t\t\t\t<\/div>\n\n\t\t\t<\/div>\n\t\t\t<!-- END MasterSlider Main -->\n\n\t\t\t \n\t\t<\/div>\n\t\t<!-- END MasterSlider -->\n\n\t\t<script>\n\t\t(function ( $ ) {\n\t\t\t\"use strict\";\n\n\t\t\t$(function () {\n\t\t\t\tvar masterslider_9de0 = new MasterSlider();\n\n\t\t\t\t\/\/ slider controls\n\n\t\t\t\t\/\/ slider setup\n\t\t\t\tmasterslider_9de0.setup(\"MS69d767b939de0\", {\n\t\t\t\t\t\twidth           : 1500,\n\t\t\t\t\t\theight          : 400,\n\t\t\t\t\t\tminHeight       : 0,\n\t\t\t\t\t\tspace           : 0,\n\t\t\t\t\t\tstart           : 1,\n\t\t\t\t\t\tgrabCursor      : true,\n\t\t\t\t\t\tswipe           : true,\n\t\t\t\t\t\tmouse           : true,\n\t\t\t\t\t\tlayout          : \"boxed\",\n\t\t\t\t\t\twheel           : false,\n\t\t\t\t\t\tautoplay        : true,\n\t\t\t\t\t\tinstantStartLayers:false,\n\t\t\t\t\t\tloop            : true,\n\t\t\t\t\t\tshuffle         : false,\n\t\t\t\t\t\tpreload         : 0,\n\t\t\t\t\t\theightLimit     : true,\n\t\t\t\t\t\tautoHeight      : false,\n\t\t\t\t\t\tsmoothHeight    : true,\n\t\t\t\t\t\tendPause        : false,\n\t\t\t\t\t\toverPause       : false,\n\t\t\t\t\t\tfillMode        : \"fill\",\n\t\t\t\t\t\tcenterControls  : true,\n\t\t\t\t\t\tstartOnAppear   : false,\n\t\t\t\t\t\tlayersMode      : \"center\",\n\t\t\t\t\t\thideLayers      : false,\n\t\t\t\t\t\tfullscreenMargin: 0,\n\t\t\t\t\t\tspeed           : 30,\n\t\t\t\t\t\tdir             : \"h\",\n\t\t\t\t\t\tparallaxMode    : 'swipe',\n\t\t\t\t\t\tview            : \"fade\"\n\t\t\t\t});\n\n\t\t\t\t\n\t\t\t\twindow.masterslider_instances = window.masterslider_instances || [];\n\t\t\t\twindow.masterslider_instances.push( masterslider_9de0 );\n\t\t\t });\n\n\t\t})(jQuery);\n\t\t<\/script>\n\n&nbsp;<\/span><\/p>\n<h2 style=\"text-align: center;\"><span style=\"color: #000000;\">GROSSE SILVESTER-GALA im Schweinfurter Weihnachtscircus<\/span><\/h2>\n<p>&nbsp;<\/p>\n<h6 style=\"text-align: center;\"><span style=\"color: #000000;\">Feiern Sie mit uns zusammen ins neue Jahr! Lachen, Stauen und gemeinsam das alte Jahr verabschieden und mit den Artisten des Schweinfurter Weihnachtscircus das neue Jahr begr\u00fc\u00dfen. Im Anschluss an unser zauberhaftes Programm erwartet Sie unsere Party in der Manege und ein gro\u00dfes Feuerwerk.<\/span><\/h6>\n<h6>&nbsp;<\/h6>\n<h6 style=\"text-align: center;\"><span style=\"color: #000000;\">Mit Musik und allen K\u00fcnstlern des Programms findet im Anschluss der Show bis 01:00 Uhr unsere Silvesterparty in der Manege statt.<\/span><\/h6>\n<h6 style=\"text-align: center;\"><span style=\"color: #000000;\">Mit Speisen und Getr\u00e4nken (gegen Geb\u00fchr) verw\u00f6hnt Sie unser Gastro-Team. Ende der Veranstaltung ist um 01:00 Uhr.<\/span><\/h6>\n<h6>&nbsp;<\/h6>\n<h3 style=\"text-align: center;\"><span style=\"color: #000000;\"><em>Sichern Sie sich rechtzeitig Ihre Eintrittskarte f\u00fcr unsere gro\u00dfe Silvester-Gala!<\/em><\/span><\/h3>\n<h6>&nbsp;<\/h6>\n<h6 style=\"text-align: center;\"><span style=\"color: #000000;\">ABLAUF:<\/span><\/h6>\n<h6 style=\"text-align: center;\"><span style=\"color: #000000;\">Einlass: 19:00 Uhr<\/span><\/h6>\n<h6 style=\"text-align: center;\"><span style=\"color: #000000;\">Beginn: 20:00 Uhr<\/span><\/h6>\n<h6 style=\"text-align: center;\"><span style=\"color: #000000;\">Unser Silvesterprogramm dauert bis ca. 23:00 Uhr (inkl. Pause)<\/span><\/h6>\n<h6 style=\"text-align: center;\"><span style=\"color: #000000;\">Ab 23:00 Uhr Party und Tanz in der Manege<\/span><\/h6>\n<h6 style=\"text-align: center;\"><span style=\"color: #000000;\">Feuerwerk: 00:00 Uhr<\/span><\/h6>\n<h6 style=\"text-align: center;\"><span style=\"color: #000000;\">Silvesterparty geht weiter bis 01:00 Uhr<\/span><\/h6>\n<h6>&nbsp;<\/h6>\n<h6 style=\"text-align: center;\"><span style=\"color: #000000;\">Unser DJ sorgt f\u00fcr Musikalische Untermalung mit der besten Musik zum Jahreswechsel.<\/span><\/h6>\n<p>&nbsp;<\/p>\n<p style=\"text-align: center;\"><span style=\"color: #000000;\">Sichern sie sich rechtzeitig die Eintrittskarte f\u00fcr unsere gro\u00dfe Silvester Vorstellung inkl. Silvesterparty!<\/span><\/p>\n<h3 style=\"text-align: center;\"><span style=\"color: #000000;\">SILVESTER-GALA Tickets online kaufen auf<\/span> <a href=\"https:\/\/www.eventim-light.com\/de\/a\/5d6d2549fb84da000107e7c3\/e\/68ffd57b747cf2650bc34191\" target=\"_blank\" rel=\"noopener\"><strong><span style=\"color: #ff0000;\">EVENTIM.de<\/span><\/strong><\/a><\/h3>\n<p style=\"text-align: center;\">&nbsp;<\/p>\n\n\n<p><\/p>\n","protected":false},"excerpt":{"rendered":"<p>&nbsp; GROSSE SILVESTER-GALA im Schweinfurter Weihnachtscircus &nbsp; Feiern Sie mit uns zusammen ins neue Jahr! Lachen, Stauen und gemeinsam das alte Jahr verabschieden und mit den Artisten des Schweinfurter Weihnachtscircus das neue Jahr begr\u00fc\u00dfen. Im Anschluss an unser zauberhaftes Programm<a class=\"more-link\" href=\"https:\/\/schweinfurter-weihnachtscircus.de\/index.php\/silvestergala\/\" title=\"Silvester-Gala\"><span>Mehr lesen<\/span><\/a><\/p>\n","protected":false},"author":2,"featured_media":0,"parent":0,"menu_order":40,"comment_status":"closed","ping_status":"closed","template":"","meta":{"ngg_post_thumbnail":0},"_links":{"self":[{"href":"https:\/\/schweinfurter-weihnachtscircus.de\/index.php\/wp-json\/wp\/v2\/pages\/60"}],"collection":[{"href":"https:\/\/schweinfurter-weihnachtscircus.de\/index.php\/wp-json\/wp\/v2\/pages"}],"about":[{"href":"https:\/\/schweinfurter-weihnachtscircus.de\/index.php\/wp-json\/wp\/v2\/types\/page"}],"author":[{"embeddable":true,"href":"https:\/\/schweinfurter-weihnachtscircus.de\/index.php\/wp-json\/wp\/v2\/users\/2"}],"replies":[{"embeddable":true,"href":"https:\/\/schweinfurter-weihnachtscircus.de\/index.php\/wp-json\/wp\/v2\/comments?post=60"}],"version-history":[{"count":26,"href":"https:\/\/schweinfurter-weihnachtscircus.de\/index.php\/wp-json\/wp\/v2\/pages\/60\/revisions"}],"predecessor-version":[{"id":1006,"href":"https:\/\/schweinfurter-weihnachtscircus.de\/index.php\/wp-json\/wp\/v2\/pages\/60\/revisions\/1006"}],"wp:attachment":[{"href":"https:\/\/schweinfurter-weihnachtscircus.de\/index.php\/wp-json\/wp\/v2\/media?parent=60"}],"curies":[{"name":"wp","href":"https:\/\/api.w.org\/{rel}","templated":true}]}}