{"id":136,"date":"2017-09-16T19:50:13","date_gmt":"2017-09-16T17:50:13","guid":{"rendered":"http:\/\/circus-europa.de\/index.php\/reiki\/"},"modified":"2025-11-14T21:47:59","modified_gmt":"2025-11-14T20:47:59","slug":"home","status":"publish","type":"page","link":"https:\/\/schweinfurter-weihnachtscircus.de\/","title":{"rendered":"Home"},"content":{"rendered":"<p style=\"padding-left: 30px;\">\n\t\t<!-- MasterSlider -->\n\t\t<div id=\"P_MS69fb28df9af4a\" class=\"master-slider-parent msl ms-parent-id-6\" style=\"max-width:1500px;\">\n\n\t\t\t\n\t\t\t<!-- MasterSlider Main -->\n\t\t\t<div id=\"MS69fb28df9af4a\" class=\"master-slider ms-skin-default\" >\n\t\t\t\t \t\t\t\t \n\t\t\t\t<div  class=\"ms-slide\" data-delay=\"120\" data-fill-mode=\"fill\"  >\n\t\t\t\t\t<img src=\"https:\/\/schweinfurter-weihnachtscircus.de\/wp-content\/plugins\/master-slider\/public\/assets\/css\/blank.gif\" alt=\"\" title=\"\" data-src=\"https:\/\/schweinfurter-weihnachtscircus.de\/wp-content\/uploads\/2025\/11\/BannerWeb2025-1.jpg\" \/>\n\n\n\t<div class=\"ms-thumb\" ><div class=\"ms-tab-context\"><div class=&quot;ms-tab-context&quot;><\/div><\/div>\n<\/div>\n\t\t\t\t<\/div>\n\n\t\t\t<\/div>\n\t\t\t<!-- END MasterSlider Main -->\n\n\t\t\t \n\t\t<\/div>\n\t\t<!-- END MasterSlider -->\n\n\t\t<script>\n\t\t(function ( $ ) {\n\t\t\t\"use strict\";\n\n\t\t\t$(function () {\n\t\t\t\tvar masterslider_af4a = new MasterSlider();\n\n\t\t\t\t\/\/ slider controls\n\n\t\t\t\t\/\/ slider setup\n\t\t\t\tmasterslider_af4a.setup(\"MS69fb28df9af4a\", {\n\t\t\t\t\t\twidth           : 1500,\n\t\t\t\t\t\theight          : 400,\n\t\t\t\t\t\tminHeight       : 0,\n\t\t\t\t\t\tspace           : 0,\n\t\t\t\t\t\tstart           : 1,\n\t\t\t\t\t\tgrabCursor      : true,\n\t\t\t\t\t\tswipe           : true,\n\t\t\t\t\t\tmouse           : true,\n\t\t\t\t\t\tlayout          : \"boxed\",\n\t\t\t\t\t\twheel           : false,\n\t\t\t\t\t\tautoplay        : true,\n\t\t\t\t\t\tinstantStartLayers:false,\n\t\t\t\t\t\tloop            : true,\n\t\t\t\t\t\tshuffle         : false,\n\t\t\t\t\t\tpreload         : 0,\n\t\t\t\t\t\theightLimit     : true,\n\t\t\t\t\t\tautoHeight      : false,\n\t\t\t\t\t\tsmoothHeight    : true,\n\t\t\t\t\t\tendPause        : false,\n\t\t\t\t\t\toverPause       : false,\n\t\t\t\t\t\tfillMode        : \"fill\",\n\t\t\t\t\t\tcenterControls  : true,\n\t\t\t\t\t\tstartOnAppear   : false,\n\t\t\t\t\t\tlayersMode      : \"center\",\n\t\t\t\t\t\thideLayers      : false,\n\t\t\t\t\t\tfullscreenMargin: 0,\n\t\t\t\t\t\tspeed           : 30,\n\t\t\t\t\t\tdir             : \"h\",\n\t\t\t\t\t\tparallaxMode    : 'swipe',\n\t\t\t\t\t\tview            : \"fade\"\n\t\t\t\t});\n\n\t\t\t\t\n\t\t\t\twindow.masterslider_instances = window.masterslider_instances || [];\n\t\t\t\twindow.masterslider_instances.push( masterslider_af4a );\n\t\t\t });\n\n\t\t})(jQuery);\n\t\t<\/script>\n\n<\/p>\n<hr>\n<h4 style=\"text-align: center;\"><span style=\"color: #333333;\"><strong><span style=\"color: #ff0000;\"><a style=\"color: #ff0000;\" href=\"https:\/\/www.eventim-light.com\/de\/a\/5d6d2549fb84da000107e7c3\/s\/68ffd579747cf2650bc33f7e\" target=\"_blank\" rel=\"noopener\"><em>Jetzt TICKETS im EVENTIM-SHOP sichern!<\/em><\/a><\/span><\/strong><br \/>\n<\/span><\/h4>\n<p>&nbsp;<\/p>\n<h1 style=\"text-align: center;\"><span style=\"color: #333333;\">19. Schweinfurter Weihnachtscircus<\/span><\/h1>\n<h1 style=\"text-align: center;\"><span style=\"color: #333333;\">vom 19. Dezember 2025 bis zum 06. Januar 2026.<\/span>&nbsp;<\/h1>\n<p>&nbsp;<\/p>\n<p style=\"text-align: center;\"><span style=\"color: #333333;\">Hochverehrtes Publikum,<\/span><\/p>\n<p style=\"text-align: center;\"><span style=\"color: #333333;\">wir sind zur\u00fcck mit einem v\u00f6llig neuem Programm der Superlativen! Unseren 19. Geburtstag feiern wir mit internationalen Spitzenartisten, preisgekr\u00f6nten Tierdressuren und herzerfrischenden Clowns. Tauchen Sie ein in unsere fantastische Traumwelt und erleben Sie ein Programm voller Sensationen, welches exklusiv f\u00fcr Schweinfurt zusammengestellt wurde.<\/span><\/p>\n<p style=\"text-align: center;\"><span style=\"color: #333333;\">Wir freuen uns sehr, Sie wieder am Rande unserer Manege verzaubern&nbsp;zu d\u00fcrfen.&nbsp;<\/span><\/p>\n<p style=\"text-align: center;\"><span style=\"color: #333333;\">Herzlichst,<\/span><\/p>\n<h5 style=\"text-align: center;\"><span style=\"color: #333333;\"><em>Ihr Schweinfurter Weihnachtscircus<\/em><\/span><\/h5>\n<p>&nbsp;<\/p>\n<p><img loading=\"lazy\" class=\"aligncenter wp-image-1009 size-large\" src=\"http:\/\/schweinfurter-weihnachtscircus.de\/wp-content\/uploads\/2025\/11\/Home-1024x768.png\" alt=\"\" width=\"710\" height=\"533\" srcset=\"https:\/\/schweinfurter-weihnachtscircus.de\/wp-content\/uploads\/2025\/11\/Home-1024x768.png 1024w, https:\/\/schweinfurter-weihnachtscircus.de\/wp-content\/uploads\/2025\/11\/Home-300x225.png 300w, https:\/\/schweinfurter-weihnachtscircus.de\/wp-content\/uploads\/2025\/11\/Home-768x576.png 768w, https:\/\/schweinfurter-weihnachtscircus.de\/wp-content\/uploads\/2025\/11\/Home-1536x1152.png 1536w, https:\/\/schweinfurter-weihnachtscircus.de\/wp-content\/uploads\/2025\/11\/Home-2048x1536.png 2048w\" sizes=\"(max-width: 710px) 100vw, 710px\" \/><\/p>\n<p style=\"text-align: center;\">&nbsp;<\/p>\n","protected":false},"excerpt":{"rendered":"<p>Jetzt TICKETS im EVENTIM-SHOP sichern! &nbsp; 19. Schweinfurter Weihnachtscircus vom 19. Dezember 2025 bis zum 06. Januar 2026.&nbsp; &nbsp; Hochverehrtes Publikum, wir sind zur\u00fcck mit einem v\u00f6llig neuem Programm der Superlativen! Unseren 19. Geburtstag feiern wir mit internationalen Spitzenartisten, preisgekr\u00f6nten<a class=\"more-link\" href=\"https:\/\/schweinfurter-weihnachtscircus.de\/\" title=\"Home\"><span>Mehr lesen<\/span><\/a><\/p>\n","protected":false},"author":2,"featured_media":0,"parent":0,"menu_order":0,"comment_status":"closed","ping_status":"closed","template":"","meta":{"ngg_post_thumbnail":0},"_links":{"self":[{"href":"https:\/\/schweinfurter-weihnachtscircus.de\/index.php\/wp-json\/wp\/v2\/pages\/136"}],"collection":[{"href":"https:\/\/schweinfurter-weihnachtscircus.de\/index.php\/wp-json\/wp\/v2\/pages"}],"about":[{"href":"https:\/\/schweinfurter-weihnachtscircus.de\/index.php\/wp-json\/wp\/v2\/types\/page"}],"author":[{"embeddable":true,"href":"https:\/\/schweinfurter-weihnachtscircus.de\/index.php\/wp-json\/wp\/v2\/users\/2"}],"replies":[{"embeddable":true,"href":"https:\/\/schweinfurter-weihnachtscircus.de\/index.php\/wp-json\/wp\/v2\/comments?post=136"}],"version-history":[{"count":97,"href":"https:\/\/schweinfurter-weihnachtscircus.de\/index.php\/wp-json\/wp\/v2\/pages\/136\/revisions"}],"predecessor-version":[{"id":1010,"href":"https:\/\/schweinfurter-weihnachtscircus.de\/index.php\/wp-json\/wp\/v2\/pages\/136\/revisions\/1010"}],"wp:attachment":[{"href":"https:\/\/schweinfurter-weihnachtscircus.de\/index.php\/wp-json\/wp\/v2\/media?parent=136"}],"curies":[{"name":"wp","href":"https:\/\/api.w.org\/{rel}","templated":true}]}}